{"id":9648,"date":"2025-06-04T13:49:20","date_gmt":"2025-06-04T11:49:20","guid":{"rendered":"https:\/\/eggersen-miljo.dk\/working-environment\/"},"modified":"2025-12-11T10:26:31","modified_gmt":"2025-12-11T09:26:31","slug":"working-environment","status":"publish","type":"page","link":"https:\/\/eggersen-miljo.dk\/en\/working-environment\/","title":{"rendered":"Working environment"},"content":{"rendered":"\t\t<div data-elementor-type=\"wp-page\" data-elementor-id=\"9648\" class=\"elementor elementor-9648 elementor-9412\" data-elementor-post-type=\"page\">\n\t\t\t\t<div class=\"elementor-element elementor-element-506d019e e-con-full no-padding e-flex e-con e-parent\" data-id=\"506d019e\" data-element_type=\"container\">\n\t\t\t\t<div class=\"elementor-element elementor-element-11c8a6c4 elementor-widget elementor-widget-template\" data-id=\"11c8a6c4\" data-element_type=\"widget\" data-widget_type=\"template.default\">\n\t\t\t\t<div class=\"elementor-widget-container\">\n\t\t\t\t\t\t\t<div class=\"elementor-template\">\n\t\t\t\t\t<div data-elementor-type=\"container\" data-elementor-id=\"6563\" class=\"elementor elementor-6563\" data-elementor-post-type=\"elementor_library\">\n\t\t\t\t<div class=\"elementor-element elementor-element-6b499f1f e-con-full no-padding e-flex e-con e-parent\" data-id=\"6b499f1f\" data-element_type=\"container\">\n\t\t\t\t<div class=\"elementor-element elementor-element-1ecbb66 elementor-widget elementor-widget-template\" data-id=\"1ecbb66\" data-element_type=\"widget\" data-widget_type=\"template.default\">\n\t\t\t\t<div class=\"elementor-widget-container\">\n\t\t\t\t\t\t\t<div class=\"elementor-template\">\n\t\t\t\t\t<div data-elementor-type=\"container\" data-elementor-id=\"6542\" class=\"elementor elementor-6542\" data-elementor-post-type=\"elementor_library\">\n\t\t\t\t<div class=\"elementor-element elementor-element-2bc4b5ab white e-flex e-con-boxed e-con e-parent\" data-id=\"2bc4b5ab\" data-element_type=\"container\" data-settings=\"{&quot;background_background&quot;:&quot;classic&quot;}\">\n\t\t\t\t\t<div class=\"e-con-inner\">\n\t\t\t\t<div class=\"elementor-element elementor-element-1d645c29 elementor-icon-list--layout-inline elementor-align-center elementor-list-item-link-full_width elementor-widget elementor-widget-icon-list\" data-id=\"1d645c29\" data-element_type=\"widget\" data-widget_type=\"icon-list.default\">\n\t\t\t\t<div class=\"elementor-widget-container\">\n\t\t\t\t\t\t\t<ul class=\"elementor-icon-list-items elementor-inline-items\">\n\t\t\t\t\t\t\t<li class=\"elementor-icon-list-item elementor-inline-item\">\n\t\t\t\t\t\t\t\t\t\t<span class=\"elementor-icon-list-text\"><a href=\"tel:+45 24 22 10 17\" aria-label=\"Telefon nummer\">+45 24 22 10 17<\/a><\/span>\n\t\t\t\t\t\t\t\t\t<\/li>\n\t\t\t\t\t\t\t\t<li class=\"elementor-icon-list-item elementor-inline-item\">\n\t\t\t\t\t\t\t\t\t\t<span class=\"elementor-icon-list-text\"><a href=\"mailto:he@eggersen-miljo.dk\" aria-label=\"Email adresse\">he@eggersen-miljo.dk<\/a><\/span>\n\t\t\t\t\t\t\t\t\t<\/li>\n\t\t\t\t\t\t<\/ul>\n\t\t\t\t\t\t<\/div>\n\t\t\t\t<\/div>\n\t\t\t\t\t<\/div>\n\t\t\t\t<\/div>\n\t\t\t\t<\/div>\n\t\t\t\t<\/div>\n\t\t\t\t\t\t<\/div>\n\t\t\t\t<\/div>\n\t\t\t\t<\/div>\n\t\t\t\t<\/div>\n\t\t\t\t<\/div>\n\t\t\t\t\t\t<\/div>\n\t\t\t\t<\/div>\n\t\t\t\t<\/div>\n\t\t<div class=\"elementor-element elementor-element-2934f64 e-flex e-con-boxed e-con e-parent\" data-id=\"2934f64\" data-element_type=\"container\">\n\t\t\t\t\t<div class=\"e-con-inner\">\n\t\t\t\t<div class=\"elementor-element elementor-element-4cab16a elementor-widget elementor-widget-text-editor\" data-id=\"4cab16a\" data-element_type=\"widget\" data-widget_type=\"text-editor.default\">\n\t\t\t\t<div class=\"elementor-widget-container\">\n\t\t\t\t\t\t\t\t\t<h2>Working environment<\/h2><p>We offer you occupational health and safety advice on the following:<\/p><ul><li>Noise<\/li><li>Vibrations<\/li><li>APV and chemical APV<\/li><li>Ergonomics<\/li><li>Heavy lifting<\/li><li>Technical aids<\/li><li>Air pollution<\/li><li>Industrial working environment<\/li><li>Advisory order<\/li><li>Emergency plans<\/li><li>Risk analyses<\/li><\/ul><p>Eggersen Milj\u00f8 &amp; Sikkerhed ApS provides all forms of occupational health and safety consulting.<\/p><p>We advise contractors, industrial companies, builders, and canteens on the companies&#8217; daily and overall work environment tasks.<\/p><p>We help with APV, working environment certification, advisor orders, indoor climate problems, mold, hazardous substances, instructions for use.<\/p><p>Contact Henrik Eggersen at <a href=\"mailto:he@eggersen-miljo.dk\">he@eggersen-miljo.dk<\/a> for further information or prices for consultancy.<\/p>\t\t\t\t\t\t\t\t<\/div>\n\t\t\t\t<\/div>\n\t\t\t\t\t<\/div>\n\t\t\t\t<\/div>\n\t\t<div class=\"elementor-element elementor-element-6d88ca overlay white e-flex e-con-boxed e-con e-parent\" data-id=\"6d88ca\" data-element_type=\"container\" data-settings=\"{&quot;background_background&quot;:&quot;classic&quot;}\">\n\t\t\t\t\t<div class=\"e-con-inner\">\n\t\t\t\t<div class=\"elementor-element elementor-element-715a9a17 elementor-widget__width-initial elementor-widget elementor-widget-text-editor\" data-id=\"715a9a17\" data-element_type=\"widget\" data-widget_type=\"text-editor.default\">\n\t\t\t\t<div class=\"elementor-widget-container\">\n\t\t\t\t\t\t\t\t\t<h6>Let us help you<\/h6><h3>Would you like a non-binding offer?<\/h3><p>Fill out the form below and we will get back to you as soon as possible. We look forward to hearing from you.<\/p>\t\t\t\t\t\t\t\t<\/div>\n\t\t\t\t<\/div>\n\t\t\t\t<div class=\"elementor-element elementor-element-2c6ade12 elementor-widget__width-initial elementor-widget elementor-widget-shortcode\" data-id=\"2c6ade12\" data-element_type=\"widget\" data-widget_type=\"shortcode.default\">\n\t\t\t\t<div class=\"elementor-widget-container\">\n\t\t\t\t\t\t\t<div class=\"elementor-shortcode\"><form id=\"forminator-module-66\" class=\"forminator-custom-form forminator-custom-form-66\" method=\"post\" data-forminator-render=\"0\" data-uid=\"6a012cb3438b5\"><div role=\"alert\" aria-live=\"polite\" class=\"forminator-response-message forminator-error\" aria-hidden=\"true\"><\/div><\/form><\/div>\n\t\t\t\t\t\t<\/div>\n\t\t\t\t<\/div>\n\t\t\t\t\t<\/div>\n\t\t\t\t<\/div>\n\t\t\t\t<\/div>\n\t\t","protected":false},"excerpt":{"rendered":"<p>Working environment We offer you occupational health and safety advice on the following: Noise Vibrations APV and chemical APV Ergonomics Heavy lifting Technical aids Air pollution Industrial working environment Advisory order Emergency plans Risk analyses Eggersen Milj\u00f8 &amp; Sikkerhed ApS provides all forms of occupational health and safety consulting. We advise contractors, industrial companies, builders, &#8230; <a title=\"Working environment\" class=\"read-more\" href=\"https:\/\/eggersen-miljo.dk\/en\/working-environment\/\" aria-label=\"Read more about Working environment\">Read more<\/a><\/p>\n","protected":false},"author":5,"featured_media":0,"parent":0,"menu_order":1001,"comment_status":"closed","ping_status":"closed","template":"","meta":{"_acf_changed":false,"footnotes":""},"categories":[],"class_list":["post-9648","page","type-page","status-publish"],"acf":[],"yoast_head":"<!-- This site is optimized with the Yoast SEO plugin v27.5 - https:\/\/yoast.com\/product\/yoast-seo-wordpress\/ -->\n<title>Working environment | Eggersen Milj\u00f8 &amp; Sikkerhed ApS<\/title>\n<meta name=\"robots\" content=\"index, follow, max-snippet:-1, max-image-preview:large, max-video-preview:-1\" \/>\n<link rel=\"canonical\" href=\"https:\/\/eggersen-miljo.dk\/en\/working-environment\/\" \/>\n<meta property=\"og:locale\" content=\"en_US\" \/>\n<meta property=\"og:type\" content=\"article\" \/>\n<meta property=\"og:title\" content=\"Working environment | Eggersen Milj\u00f8 &amp; Sikkerhed ApS\" \/>\n<meta property=\"og:description\" content=\"Working environment We offer you occupational health and safety advice on the following: Noise Vibrations APV and chemical APV Ergonomics Heavy lifting Technical aids Air pollution Industrial working environment Advisory order Emergency plans Risk analyses Eggersen Milj\u00f8 &amp; Sikkerhed ApS provides all forms of occupational health and safety consulting. We advise contractors, industrial companies, builders, ... Read more\" \/>\n<meta property=\"og:url\" content=\"https:\/\/eggersen-miljo.dk\/en\/working-environment\/\" \/>\n<meta property=\"og:site_name\" content=\"Eggersen Milj\u00f8 &amp; Sikkerhed ApS\" \/>\n<meta property=\"article:modified_time\" content=\"2025-12-11T09:26:31+00:00\" \/>\n<meta name=\"twitter:card\" content=\"summary_large_image\" \/>\n<meta name=\"twitter:label1\" content=\"Est. reading time\" \/>\n\t<meta name=\"twitter:data1\" content=\"1 minute\" \/>\n<script type=\"application\/ld+json\" class=\"yoast-schema-graph\">{\"@context\":\"https:\\\/\\\/schema.org\",\"@graph\":[{\"@type\":\"WebPage\",\"@id\":\"https:\\\/\\\/eggersen-miljo.dk\\\/en\\\/working-environment\\\/\",\"url\":\"https:\\\/\\\/eggersen-miljo.dk\\\/en\\\/working-environment\\\/\",\"name\":\"Working environment | Eggersen Milj\u00f8 &amp; Sikkerhed ApS\",\"isPartOf\":{\"@id\":\"https:\\\/\\\/eggersen-miljo.dk\\\/en\\\/#website\"},\"datePublished\":\"2025-06-04T11:49:20+00:00\",\"dateModified\":\"2025-12-11T09:26:31+00:00\",\"breadcrumb\":{\"@id\":\"https:\\\/\\\/eggersen-miljo.dk\\\/en\\\/working-environment\\\/#breadcrumb\"},\"inLanguage\":\"en-US\",\"potentialAction\":[{\"@type\":\"ReadAction\",\"target\":[\"https:\\\/\\\/eggersen-miljo.dk\\\/en\\\/working-environment\\\/\"]}]},{\"@type\":\"BreadcrumbList\",\"@id\":\"https:\\\/\\\/eggersen-miljo.dk\\\/en\\\/working-environment\\\/#breadcrumb\",\"itemListElement\":[{\"@type\":\"ListItem\",\"position\":1,\"name\":\"Forside\",\"item\":\"https:\\\/\\\/eggersen-miljo.dk\\\/en\\\/\"},{\"@type\":\"ListItem\",\"position\":2,\"name\":\"Working environment\"}]},{\"@type\":\"WebSite\",\"@id\":\"https:\\\/\\\/eggersen-miljo.dk\\\/en\\\/#website\",\"url\":\"https:\\\/\\\/eggersen-miljo.dk\\\/en\\\/\",\"name\":\"Eggersen Milj\u00f8 &amp; Sikkerhed ApS\",\"description\":\"Eggersen Milj\u00f8 &amp; Sikkerhed ApS  Milj\u00f8r\u00e5dgivning og arbejdsmilj\u00f8koordinering\",\"publisher\":{\"@id\":\"https:\\\/\\\/eggersen-miljo.dk\\\/en\\\/#organization\"},\"potentialAction\":[{\"@type\":\"SearchAction\",\"target\":{\"@type\":\"EntryPoint\",\"urlTemplate\":\"https:\\\/\\\/eggersen-miljo.dk\\\/en\\\/?s={search_term_string}\"},\"query-input\":{\"@type\":\"PropertyValueSpecification\",\"valueRequired\":true,\"valueName\":\"search_term_string\"}}],\"inLanguage\":\"en-US\"},{\"@type\":\"Organization\",\"@id\":\"https:\\\/\\\/eggersen-miljo.dk\\\/en\\\/#organization\",\"name\":\"Eggersen Milj\u00f8 &amp; Sikkerhed ApS\",\"url\":\"https:\\\/\\\/eggersen-miljo.dk\\\/en\\\/\",\"logo\":{\"@type\":\"ImageObject\",\"inLanguage\":\"en-US\",\"@id\":\"https:\\\/\\\/eggersen-miljo.dk\\\/en\\\/#\\\/schema\\\/logo\\\/image\\\/\",\"url\":\"https:\\\/\\\/eggersen-miljo.dk\\\/wp-content\\\/uploads\\\/2025\\\/06\\\/Eggersen-logo.svg\",\"contentUrl\":\"https:\\\/\\\/eggersen-miljo.dk\\\/wp-content\\\/uploads\\\/2025\\\/06\\\/Eggersen-logo.svg\",\"width\":117,\"height\":33,\"caption\":\"Eggersen Milj\u00f8 &amp; Sikkerhed ApS\"},\"image\":{\"@id\":\"https:\\\/\\\/eggersen-miljo.dk\\\/en\\\/#\\\/schema\\\/logo\\\/image\\\/\"}}]}<\/script>\n<!-- \/ Yoast SEO plugin. -->","yoast_head_json":{"title":"Working environment | Eggersen Milj\u00f8 &amp; Sikkerhed ApS","robots":{"index":"index","follow":"follow","max-snippet":"max-snippet:-1","max-image-preview":"max-image-preview:large","max-video-preview":"max-video-preview:-1"},"canonical":"https:\/\/eggersen-miljo.dk\/en\/working-environment\/","og_locale":"en_US","og_type":"article","og_title":"Working environment | Eggersen Milj\u00f8 &amp; Sikkerhed ApS","og_description":"Working environment We offer you occupational health and safety advice on the following: Noise Vibrations APV and chemical APV Ergonomics Heavy lifting Technical aids Air pollution Industrial working environment Advisory order Emergency plans Risk analyses Eggersen Milj\u00f8 &amp; Sikkerhed ApS provides all forms of occupational health and safety consulting. We advise contractors, industrial companies, builders, ... Read more","og_url":"https:\/\/eggersen-miljo.dk\/en\/working-environment\/","og_site_name":"Eggersen Milj\u00f8 &amp; Sikkerhed ApS","article_modified_time":"2025-12-11T09:26:31+00:00","twitter_card":"summary_large_image","twitter_misc":{"Est. reading time":"1 minute"},"schema":{"@context":"https:\/\/schema.org","@graph":[{"@type":"WebPage","@id":"https:\/\/eggersen-miljo.dk\/en\/working-environment\/","url":"https:\/\/eggersen-miljo.dk\/en\/working-environment\/","name":"Working environment | Eggersen Milj\u00f8 &amp; Sikkerhed ApS","isPartOf":{"@id":"https:\/\/eggersen-miljo.dk\/en\/#website"},"datePublished":"2025-06-04T11:49:20+00:00","dateModified":"2025-12-11T09:26:31+00:00","breadcrumb":{"@id":"https:\/\/eggersen-miljo.dk\/en\/working-environment\/#breadcrumb"},"inLanguage":"en-US","potentialAction":[{"@type":"ReadAction","target":["https:\/\/eggersen-miljo.dk\/en\/working-environment\/"]}]},{"@type":"BreadcrumbList","@id":"https:\/\/eggersen-miljo.dk\/en\/working-environment\/#breadcrumb","itemListElement":[{"@type":"ListItem","position":1,"name":"Forside","item":"https:\/\/eggersen-miljo.dk\/en\/"},{"@type":"ListItem","position":2,"name":"Working environment"}]},{"@type":"WebSite","@id":"https:\/\/eggersen-miljo.dk\/en\/#website","url":"https:\/\/eggersen-miljo.dk\/en\/","name":"Eggersen Milj\u00f8 &amp; Sikkerhed ApS","description":"Eggersen Milj\u00f8 &amp; Sikkerhed ApS  Milj\u00f8r\u00e5dgivning og arbejdsmilj\u00f8koordinering","publisher":{"@id":"https:\/\/eggersen-miljo.dk\/en\/#organization"},"potentialAction":[{"@type":"SearchAction","target":{"@type":"EntryPoint","urlTemplate":"https:\/\/eggersen-miljo.dk\/en\/?s={search_term_string}"},"query-input":{"@type":"PropertyValueSpecification","valueRequired":true,"valueName":"search_term_string"}}],"inLanguage":"en-US"},{"@type":"Organization","@id":"https:\/\/eggersen-miljo.dk\/en\/#organization","name":"Eggersen Milj\u00f8 &amp; Sikkerhed ApS","url":"https:\/\/eggersen-miljo.dk\/en\/","logo":{"@type":"ImageObject","inLanguage":"en-US","@id":"https:\/\/eggersen-miljo.dk\/en\/#\/schema\/logo\/image\/","url":"https:\/\/eggersen-miljo.dk\/wp-content\/uploads\/2025\/06\/Eggersen-logo.svg","contentUrl":"https:\/\/eggersen-miljo.dk\/wp-content\/uploads\/2025\/06\/Eggersen-logo.svg","width":117,"height":33,"caption":"Eggersen Milj\u00f8 &amp; Sikkerhed ApS"},"image":{"@id":"https:\/\/eggersen-miljo.dk\/en\/#\/schema\/logo\/image\/"}}]}},"_links":{"self":[{"href":"https:\/\/eggersen-miljo.dk\/en\/wp-json\/wp\/v2\/pages\/9648","targetHints":{"allow":["GET"]}}],"collection":[{"href":"https:\/\/eggersen-miljo.dk\/en\/wp-json\/wp\/v2\/pages"}],"about":[{"href":"https:\/\/eggersen-miljo.dk\/en\/wp-json\/wp\/v2\/types\/page"}],"author":[{"embeddable":true,"href":"https:\/\/eggersen-miljo.dk\/en\/wp-json\/wp\/v2\/users\/5"}],"replies":[{"embeddable":true,"href":"https:\/\/eggersen-miljo.dk\/en\/wp-json\/wp\/v2\/comments?post=9648"}],"version-history":[{"count":3,"href":"https:\/\/eggersen-miljo.dk\/en\/wp-json\/wp\/v2\/pages\/9648\/revisions"}],"predecessor-version":[{"id":9651,"href":"https:\/\/eggersen-miljo.dk\/en\/wp-json\/wp\/v2\/pages\/9648\/revisions\/9651"}],"wp:attachment":[{"href":"https:\/\/eggersen-miljo.dk\/en\/wp-json\/wp\/v2\/media?parent=9648"}],"wp:term":[{"taxonomy":"category","embeddable":true,"href":"https:\/\/eggersen-miljo.dk\/en\/wp-json\/wp\/v2\/categories?post=9648"}],"curies":[{"name":"wp","href":"https:\/\/api.w.org\/{rel}","templated":true}]}}