{"id":9644,"date":"2025-06-04T13:49:20","date_gmt":"2025-06-04T11:49:20","guid":{"rendered":"https:\/\/eggersen-miljo.dk\/environment\/"},"modified":"2025-12-11T10:26:27","modified_gmt":"2025-12-11T09:26:27","slug":"environment","status":"publish","type":"page","link":"https:\/\/eggersen-miljo.dk\/en\/environment\/","title":{"rendered":"Environment"},"content":{"rendered":"\t\t<div data-elementor-type=\"wp-page\" data-elementor-id=\"9644\" class=\"elementor elementor-9644 elementor-9414\" data-elementor-post-type=\"page\">\n\t\t\t\t<div class=\"elementor-element elementor-element-1ff59238 e-con-full no-padding e-flex e-con e-parent\" data-id=\"1ff59238\" data-element_type=\"container\">\n\t\t\t\t<div class=\"elementor-element elementor-element-53c6b028 elementor-widget elementor-widget-template\" data-id=\"53c6b028\" data-element_type=\"widget\" data-widget_type=\"template.default\">\n\t\t\t\t<div class=\"elementor-widget-container\">\n\t\t\t\t\t\t\t<div class=\"elementor-template\">\n\t\t\t\t\t<div data-elementor-type=\"container\" data-elementor-id=\"6563\" class=\"elementor elementor-6563\" data-elementor-post-type=\"elementor_library\">\n\t\t\t\t<div class=\"elementor-element elementor-element-6b499f1f e-con-full no-padding e-flex e-con e-parent\" data-id=\"6b499f1f\" data-element_type=\"container\">\n\t\t\t\t<div class=\"elementor-element elementor-element-1ecbb66 elementor-widget elementor-widget-template\" data-id=\"1ecbb66\" data-element_type=\"widget\" data-widget_type=\"template.default\">\n\t\t\t\t<div class=\"elementor-widget-container\">\n\t\t\t\t\t\t\t<div class=\"elementor-template\">\n\t\t\t\t\t<div data-elementor-type=\"container\" data-elementor-id=\"6542\" class=\"elementor elementor-6542\" data-elementor-post-type=\"elementor_library\">\n\t\t\t\t<div class=\"elementor-element elementor-element-2bc4b5ab white e-flex e-con-boxed e-con e-parent\" data-id=\"2bc4b5ab\" data-element_type=\"container\" data-settings=\"{&quot;background_background&quot;:&quot;classic&quot;}\">\n\t\t\t\t\t<div class=\"e-con-inner\">\n\t\t\t\t<div class=\"elementor-element elementor-element-1d645c29 elementor-icon-list--layout-inline elementor-align-center elementor-list-item-link-full_width elementor-widget elementor-widget-icon-list\" data-id=\"1d645c29\" data-element_type=\"widget\" data-widget_type=\"icon-list.default\">\n\t\t\t\t<div class=\"elementor-widget-container\">\n\t\t\t\t\t\t\t<ul class=\"elementor-icon-list-items elementor-inline-items\">\n\t\t\t\t\t\t\t<li class=\"elementor-icon-list-item elementor-inline-item\">\n\t\t\t\t\t\t\t\t\t\t<span class=\"elementor-icon-list-text\"><a href=\"tel:+45 24 22 10 17\" aria-label=\"Telefon nummer\">+45 24 22 10 17<\/a><\/span>\n\t\t\t\t\t\t\t\t\t<\/li>\n\t\t\t\t\t\t\t\t<li class=\"elementor-icon-list-item elementor-inline-item\">\n\t\t\t\t\t\t\t\t\t\t<span class=\"elementor-icon-list-text\"><a href=\"mailto:he@eggersen-miljo.dk\" aria-label=\"Email adresse\">he@eggersen-miljo.dk<\/a><\/span>\n\t\t\t\t\t\t\t\t\t<\/li>\n\t\t\t\t\t\t<\/ul>\n\t\t\t\t\t\t<\/div>\n\t\t\t\t<\/div>\n\t\t\t\t\t<\/div>\n\t\t\t\t<\/div>\n\t\t\t\t<\/div>\n\t\t\t\t<\/div>\n\t\t\t\t\t\t<\/div>\n\t\t\t\t<\/div>\n\t\t\t\t<\/div>\n\t\t\t\t<\/div>\n\t\t\t\t<\/div>\n\t\t\t\t\t\t<\/div>\n\t\t\t\t<\/div>\n\t\t\t\t<\/div>\n\t\t<div class=\"elementor-element elementor-element-f8bcf95 e-flex e-con-boxed e-con e-parent\" data-id=\"f8bcf95\" data-element_type=\"container\">\n\t\t\t\t\t<div class=\"e-con-inner\">\n\t\t\t\t<div class=\"elementor-element elementor-element-b8d6f76 elementor-widget elementor-widget-text-editor\" data-id=\"b8d6f76\" data-element_type=\"widget\" data-widget_type=\"text-editor.default\">\n\t\t\t\t<div class=\"elementor-widget-container\">\n\t\t\t\t\t\t\t\t\t<h2>ENVIRONMENT<\/h2><p><strong>Noise pollution:<\/strong><\/p><p>According to current legislation, it is possible to incorporate lightly contaminated soil into noise barriers if these barriers provide a noise-reducing effect. Eggersen Milj\u00f8 &amp; Sikkerhed ApS has, among other things, helped Slagelse Municipality establish a noise barrier along the Vestmotorvejen of approximately 3 million tons.<\/p><p>Contact Henrik Eggersen on tel. <a href=\"tel:24221017\">+45 2422 1017<\/a> and hear about the possibilities for establishing noise barriers.<\/p><p><strong>We advise on the following:<\/strong><\/p><ul><li>  Assessment of the need for analyses and types, cf. land ordinances<\/li><li>Taking samples for chemical analysis (authorized laboratories)<\/li><li>Classification of soil according to chemical analyses<\/li><li>Checking classification<\/li><li>Instructions for approved soil depots, cleaning or recycling<\/li><li>Excavation plans for different pollution classes<\/li><li>Advice on prices and negotiation with soil cleaners<\/li><li>Disposal of tanks<\/li><li>Measurements of air pollution during excavations at hazardous depots<\/li><\/ul>\t\t\t\t\t\t\t\t<\/div>\n\t\t\t\t<\/div>\n\t\t\t\t\t<\/div>\n\t\t\t\t<\/div>\n\t\t<div class=\"elementor-element elementor-element-3e725787 light e-flex e-con-boxed e-con e-parent\" data-id=\"3e725787\" data-element_type=\"container\">\n\t\t\t\t\t<div class=\"e-con-inner\">\n\t\t\t\t<div class=\"elementor-element elementor-element-b76e71d elementor-widget elementor-widget-gallery\" data-id=\"b76e71d\" data-element_type=\"widget\" data-settings=\"{&quot;gap&quot;:{&quot;unit&quot;:&quot;px&quot;,&quot;size&quot;:30,&quot;sizes&quot;:[]},&quot;aspect_ratio&quot;:&quot;1:1&quot;,&quot;columns_tablet&quot;:3,&quot;columns_mobile&quot;:2,&quot;gap_tablet&quot;:{&quot;unit&quot;:&quot;px&quot;,&quot;size&quot;:15,&quot;sizes&quot;:[]},&quot;gap_mobile&quot;:{&quot;unit&quot;:&quot;px&quot;,&quot;size&quot;:15,&quot;sizes&quot;:[]},&quot;lazyload&quot;:&quot;yes&quot;,&quot;gallery_layout&quot;:&quot;grid&quot;,&quot;columns&quot;:4,&quot;gap_laptop&quot;:{&quot;unit&quot;:&quot;px&quot;,&quot;size&quot;:10,&quot;sizes&quot;:[]},&quot;link_to&quot;:&quot;file&quot;,&quot;content_hover_animation&quot;:&quot;fade-in&quot;}\" data-widget_type=\"gallery.default\">\n\t\t\t\t<div class=\"elementor-widget-container\">\n\t\t\t\t\t\t\t<div class=\"elementor-gallery__container\">\n\t\t\t\t\t\t\t<a class=\"e-gallery-item elementor-gallery-item elementor-animated-content\" href=\"https:\/\/eggersen-miljo.dk\/wp-content\/uploads\/2025\/06\/GettyImages-1178982949-scaled.jpg\" data-elementor-open-lightbox=\"yes\" data-elementor-lightbox-slideshow=\"b76e71d\" data-e-action-hash=\"#elementor-action%3Aaction%3Dlightbox%26settings%3DeyJpZCI6OTYzNCwidXJsIjoiaHR0cHM6XC9cL2VnZ2Vyc2VuLW1pbGpvLmRrXC93cC1jb250ZW50XC91cGxvYWRzXC8yMDI1XC8wNlwvR2V0dHlJbWFnZXMtMTE3ODk4Mjk0OS1zY2FsZWQuanBnIiwic2xpZGVzaG93IjoiYjc2ZTcxZCJ9\" data-rel=\"-image-0\" data-rl_title=\"\" data-rl_caption=\"\" title=\"\">\n\t\t\t\t\t<div class=\"e-gallery-image elementor-gallery-item__image\" data-thumbnail=\"https:\/\/eggersen-miljo.dk\/wp-content\/uploads\/2025\/06\/GettyImages-1178982949-scaled.jpg\" data-width=\"2048\" data-height=\"1365\" aria-label=\"\" role=\"img\" ><\/div>\n\t\t\t\t\t\t\t\t\t\t\t\t\t\t<\/a>\n\t\t\t\t\t\t\t<a class=\"e-gallery-item elementor-gallery-item elementor-animated-content\" href=\"https:\/\/eggersen-miljo.dk\/wp-content\/uploads\/2025\/06\/GettyImages-1353947009-scaled.jpg\" data-elementor-open-lightbox=\"yes\" data-elementor-lightbox-slideshow=\"b76e71d\" data-e-action-hash=\"#elementor-action%3Aaction%3Dlightbox%26settings%3DeyJpZCI6OTYzMywidXJsIjoiaHR0cHM6XC9cL2VnZ2Vyc2VuLW1pbGpvLmRrXC93cC1jb250ZW50XC91cGxvYWRzXC8yMDI1XC8wNlwvR2V0dHlJbWFnZXMtMTM1Mzk0NzAwOS1zY2FsZWQuanBnIiwic2xpZGVzaG93IjoiYjc2ZTcxZCJ9\" data-rel=\"-image-1\" data-rl_title=\"\" data-rl_caption=\"\" title=\"\">\n\t\t\t\t\t<div class=\"e-gallery-image elementor-gallery-item__image\" data-thumbnail=\"https:\/\/eggersen-miljo.dk\/wp-content\/uploads\/2025\/06\/GettyImages-1353947009-scaled.jpg\" data-width=\"2048\" data-height=\"1365\" aria-label=\"\" role=\"img\" ><\/div>\n\t\t\t\t\t\t\t\t\t\t\t\t\t\t<\/a>\n\t\t\t\t\t\t\t<a class=\"e-gallery-item elementor-gallery-item elementor-animated-content\" href=\"https:\/\/eggersen-miljo.dk\/wp-content\/uploads\/2025\/06\/GettyImages-1179153745-scaled.jpg\" data-elementor-open-lightbox=\"yes\" data-elementor-lightbox-slideshow=\"b76e71d\" data-e-action-hash=\"#elementor-action%3Aaction%3Dlightbox%26settings%3DeyJpZCI6OTYzMSwidXJsIjoiaHR0cHM6XC9cL2VnZ2Vyc2VuLW1pbGpvLmRrXC93cC1jb250ZW50XC91cGxvYWRzXC8yMDI1XC8wNlwvR2V0dHlJbWFnZXMtMTE3OTE1Mzc0NS1zY2FsZWQuanBnIiwic2xpZGVzaG93IjoiYjc2ZTcxZCJ9\" data-rel=\"-image-2\" data-rl_title=\"\" data-rl_caption=\"\" title=\"\">\n\t\t\t\t\t<div class=\"e-gallery-image elementor-gallery-item__image\" data-thumbnail=\"https:\/\/eggersen-miljo.dk\/wp-content\/uploads\/2025\/06\/GettyImages-1179153745-scaled.jpg\" data-width=\"2048\" data-height=\"1365\" aria-label=\"\" role=\"img\" ><\/div>\n\t\t\t\t\t\t\t\t\t\t\t\t\t\t<\/a>\n\t\t\t\t\t\t\t<a class=\"e-gallery-item elementor-gallery-item elementor-animated-content\" href=\"https:\/\/eggersen-miljo.dk\/wp-content\/uploads\/2025\/06\/GettyImages-2117759132-scaled.jpg\" data-elementor-open-lightbox=\"yes\" data-elementor-lightbox-slideshow=\"b76e71d\" data-e-action-hash=\"#elementor-action%3Aaction%3Dlightbox%26settings%3DeyJpZCI6OTYzMiwidXJsIjoiaHR0cHM6XC9cL2VnZ2Vyc2VuLW1pbGpvLmRrXC93cC1jb250ZW50XC91cGxvYWRzXC8yMDI1XC8wNlwvR2V0dHlJbWFnZXMtMjExNzc1OTEzMi1zY2FsZWQuanBnIiwic2xpZGVzaG93IjoiYjc2ZTcxZCJ9\" data-rel=\"-image-3\" data-rl_title=\"\" data-rl_caption=\"\" title=\"\">\n\t\t\t\t\t<div class=\"e-gallery-image elementor-gallery-item__image\" data-thumbnail=\"https:\/\/eggersen-miljo.dk\/wp-content\/uploads\/2025\/06\/GettyImages-2117759132-scaled.jpg\" data-width=\"2048\" data-height=\"1365\" aria-label=\"\" role=\"img\" ><\/div>\n\t\t\t\t\t\t\t\t\t\t\t\t\t\t<\/a>\n\t\t\t\t\t<\/div>\n\t\t\t\t\t<\/div>\n\t\t\t\t<\/div>\n\t\t\t\t\t<\/div>\n\t\t\t\t<\/div>\n\t\t<div class=\"elementor-element elementor-element-4027f28d overlay white e-flex e-con-boxed e-con e-parent\" data-id=\"4027f28d\" data-element_type=\"container\" data-settings=\"{&quot;background_background&quot;:&quot;classic&quot;}\">\n\t\t\t\t\t<div class=\"e-con-inner\">\n\t\t\t\t<div class=\"elementor-element elementor-element-23fb7d7d elementor-widget__width-initial elementor-widget elementor-widget-text-editor\" data-id=\"23fb7d7d\" data-element_type=\"widget\" data-widget_type=\"text-editor.default\">\n\t\t\t\t<div class=\"elementor-widget-container\">\n\t\t\t\t\t\t\t\t\t<h6>Let us help you<\/h6><h3>Would you like a non-binding offer?<\/h3><p>Fill out the form below and we will get back to you as soon as possible. We look forward to hearing from you.<\/p>\t\t\t\t\t\t\t\t<\/div>\n\t\t\t\t<\/div>\n\t\t\t\t<div class=\"elementor-element elementor-element-1b21e57e elementor-widget__width-initial elementor-widget elementor-widget-shortcode\" data-id=\"1b21e57e\" data-element_type=\"widget\" data-widget_type=\"shortcode.default\">\n\t\t\t\t<div class=\"elementor-widget-container\">\n\t\t\t\t\t\t\t<div class=\"elementor-shortcode\"><form id=\"forminator-module-66\" class=\"forminator-custom-form forminator-custom-form-66\" method=\"post\" data-forminator-render=\"0\" data-uid=\"6a012dcf286cd\"><div role=\"alert\" aria-live=\"polite\" class=\"forminator-response-message forminator-error\" aria-hidden=\"true\"><\/div><\/form><\/div>\n\t\t\t\t\t\t<\/div>\n\t\t\t\t<\/div>\n\t\t\t\t\t<\/div>\n\t\t\t\t<\/div>\n\t\t\t\t<\/div>\n\t\t","protected":false},"excerpt":{"rendered":"<p>ENVIRONMENT Noise pollution: According to current legislation, it is possible to incorporate lightly contaminated soil into noise barriers if these barriers provide a noise-reducing effect. Eggersen Milj\u00f8 &amp; Sikkerhed ApS has, among other things, helped Slagelse Municipality establish a noise barrier along the Vestmotorvejen of approximately 3 million tons. Contact Henrik Eggersen on tel. +45 &#8230; <a title=\"Environment\" class=\"read-more\" href=\"https:\/\/eggersen-miljo.dk\/en\/environment\/\" aria-label=\"Read more about Environment\">Read more<\/a><\/p>\n","protected":false},"author":5,"featured_media":0,"parent":0,"menu_order":1003,"comment_status":"closed","ping_status":"closed","template":"","meta":{"_acf_changed":false,"footnotes":""},"categories":[],"class_list":["post-9644","page","type-page","status-publish"],"acf":[],"yoast_head":"<!-- This site is optimized with the Yoast SEO plugin v27.5 - https:\/\/yoast.com\/product\/yoast-seo-wordpress\/ -->\n<title>Environment | Eggersen Milj\u00f8 &amp; Sikkerhed ApS<\/title>\n<meta name=\"robots\" content=\"index, follow, max-snippet:-1, max-image-preview:large, max-video-preview:-1\" \/>\n<link rel=\"canonical\" href=\"https:\/\/eggersen-miljo.dk\/en\/environment\/\" \/>\n<meta property=\"og:locale\" content=\"en_US\" \/>\n<meta property=\"og:type\" content=\"article\" \/>\n<meta property=\"og:title\" content=\"Environment | Eggersen Milj\u00f8 &amp; Sikkerhed ApS\" \/>\n<meta property=\"og:description\" content=\"ENVIRONMENT Noise pollution: According to current legislation, it is possible to incorporate lightly contaminated soil into noise barriers if these barriers provide a noise-reducing effect. Eggersen Milj\u00f8 &amp; Sikkerhed ApS has, among other things, helped Slagelse Municipality establish a noise barrier along the Vestmotorvejen of approximately 3 million tons. Contact Henrik Eggersen on tel. +45 ... Read more\" \/>\n<meta property=\"og:url\" content=\"https:\/\/eggersen-miljo.dk\/en\/environment\/\" \/>\n<meta property=\"og:site_name\" content=\"Eggersen Milj\u00f8 &amp; Sikkerhed ApS\" \/>\n<meta property=\"article:modified_time\" content=\"2025-12-11T09:26:27+00:00\" \/>\n<meta name=\"twitter:card\" content=\"summary_large_image\" \/>\n<meta name=\"twitter:label1\" content=\"Est. reading time\" \/>\n\t<meta name=\"twitter:data1\" content=\"1 minute\" \/>\n<script type=\"application\/ld+json\" class=\"yoast-schema-graph\">{\"@context\":\"https:\\\/\\\/schema.org\",\"@graph\":[{\"@type\":\"WebPage\",\"@id\":\"https:\\\/\\\/eggersen-miljo.dk\\\/en\\\/environment\\\/\",\"url\":\"https:\\\/\\\/eggersen-miljo.dk\\\/en\\\/environment\\\/\",\"name\":\"Environment | Eggersen Milj\u00f8 &amp; Sikkerhed ApS\",\"isPartOf\":{\"@id\":\"https:\\\/\\\/eggersen-miljo.dk\\\/en\\\/#website\"},\"datePublished\":\"2025-06-04T11:49:20+00:00\",\"dateModified\":\"2025-12-11T09:26:27+00:00\",\"breadcrumb\":{\"@id\":\"https:\\\/\\\/eggersen-miljo.dk\\\/en\\\/environment\\\/#breadcrumb\"},\"inLanguage\":\"en-US\",\"potentialAction\":[{\"@type\":\"ReadAction\",\"target\":[\"https:\\\/\\\/eggersen-miljo.dk\\\/en\\\/environment\\\/\"]}]},{\"@type\":\"BreadcrumbList\",\"@id\":\"https:\\\/\\\/eggersen-miljo.dk\\\/en\\\/environment\\\/#breadcrumb\",\"itemListElement\":[{\"@type\":\"ListItem\",\"position\":1,\"name\":\"Forside\",\"item\":\"https:\\\/\\\/eggersen-miljo.dk\\\/en\\\/\"},{\"@type\":\"ListItem\",\"position\":2,\"name\":\"Environment\"}]},{\"@type\":\"WebSite\",\"@id\":\"https:\\\/\\\/eggersen-miljo.dk\\\/en\\\/#website\",\"url\":\"https:\\\/\\\/eggersen-miljo.dk\\\/en\\\/\",\"name\":\"Eggersen Milj\u00f8 &amp; Sikkerhed ApS\",\"description\":\"Eggersen Milj\u00f8 &amp; Sikkerhed ApS  Milj\u00f8r\u00e5dgivning og arbejdsmilj\u00f8koordinering\",\"publisher\":{\"@id\":\"https:\\\/\\\/eggersen-miljo.dk\\\/en\\\/#organization\"},\"potentialAction\":[{\"@type\":\"SearchAction\",\"target\":{\"@type\":\"EntryPoint\",\"urlTemplate\":\"https:\\\/\\\/eggersen-miljo.dk\\\/en\\\/?s={search_term_string}\"},\"query-input\":{\"@type\":\"PropertyValueSpecification\",\"valueRequired\":true,\"valueName\":\"search_term_string\"}}],\"inLanguage\":\"en-US\"},{\"@type\":\"Organization\",\"@id\":\"https:\\\/\\\/eggersen-miljo.dk\\\/en\\\/#organization\",\"name\":\"Eggersen Milj\u00f8 &amp; Sikkerhed ApS\",\"url\":\"https:\\\/\\\/eggersen-miljo.dk\\\/en\\\/\",\"logo\":{\"@type\":\"ImageObject\",\"inLanguage\":\"en-US\",\"@id\":\"https:\\\/\\\/eggersen-miljo.dk\\\/en\\\/#\\\/schema\\\/logo\\\/image\\\/\",\"url\":\"https:\\\/\\\/eggersen-miljo.dk\\\/wp-content\\\/uploads\\\/2025\\\/06\\\/Eggersen-logo.svg\",\"contentUrl\":\"https:\\\/\\\/eggersen-miljo.dk\\\/wp-content\\\/uploads\\\/2025\\\/06\\\/Eggersen-logo.svg\",\"width\":117,\"height\":33,\"caption\":\"Eggersen Milj\u00f8 &amp; Sikkerhed ApS\"},\"image\":{\"@id\":\"https:\\\/\\\/eggersen-miljo.dk\\\/en\\\/#\\\/schema\\\/logo\\\/image\\\/\"}}]}<\/script>\n<!-- \/ Yoast SEO plugin. -->","yoast_head_json":{"title":"Environment | Eggersen Milj\u00f8 &amp; Sikkerhed ApS","robots":{"index":"index","follow":"follow","max-snippet":"max-snippet:-1","max-image-preview":"max-image-preview:large","max-video-preview":"max-video-preview:-1"},"canonical":"https:\/\/eggersen-miljo.dk\/en\/environment\/","og_locale":"en_US","og_type":"article","og_title":"Environment | Eggersen Milj\u00f8 &amp; Sikkerhed ApS","og_description":"ENVIRONMENT Noise pollution: According to current legislation, it is possible to incorporate lightly contaminated soil into noise barriers if these barriers provide a noise-reducing effect. Eggersen Milj\u00f8 &amp; Sikkerhed ApS has, among other things, helped Slagelse Municipality establish a noise barrier along the Vestmotorvejen of approximately 3 million tons. Contact Henrik Eggersen on tel. +45 ... Read more","og_url":"https:\/\/eggersen-miljo.dk\/en\/environment\/","og_site_name":"Eggersen Milj\u00f8 &amp; Sikkerhed ApS","article_modified_time":"2025-12-11T09:26:27+00:00","twitter_card":"summary_large_image","twitter_misc":{"Est. reading time":"1 minute"},"schema":{"@context":"https:\/\/schema.org","@graph":[{"@type":"WebPage","@id":"https:\/\/eggersen-miljo.dk\/en\/environment\/","url":"https:\/\/eggersen-miljo.dk\/en\/environment\/","name":"Environment | Eggersen Milj\u00f8 &amp; Sikkerhed ApS","isPartOf":{"@id":"https:\/\/eggersen-miljo.dk\/en\/#website"},"datePublished":"2025-06-04T11:49:20+00:00","dateModified":"2025-12-11T09:26:27+00:00","breadcrumb":{"@id":"https:\/\/eggersen-miljo.dk\/en\/environment\/#breadcrumb"},"inLanguage":"en-US","potentialAction":[{"@type":"ReadAction","target":["https:\/\/eggersen-miljo.dk\/en\/environment\/"]}]},{"@type":"BreadcrumbList","@id":"https:\/\/eggersen-miljo.dk\/en\/environment\/#breadcrumb","itemListElement":[{"@type":"ListItem","position":1,"name":"Forside","item":"https:\/\/eggersen-miljo.dk\/en\/"},{"@type":"ListItem","position":2,"name":"Environment"}]},{"@type":"WebSite","@id":"https:\/\/eggersen-miljo.dk\/en\/#website","url":"https:\/\/eggersen-miljo.dk\/en\/","name":"Eggersen Milj\u00f8 &amp; Sikkerhed ApS","description":"Eggersen Milj\u00f8 &amp; Sikkerhed ApS  Milj\u00f8r\u00e5dgivning og arbejdsmilj\u00f8koordinering","publisher":{"@id":"https:\/\/eggersen-miljo.dk\/en\/#organization"},"potentialAction":[{"@type":"SearchAction","target":{"@type":"EntryPoint","urlTemplate":"https:\/\/eggersen-miljo.dk\/en\/?s={search_term_string}"},"query-input":{"@type":"PropertyValueSpecification","valueRequired":true,"valueName":"search_term_string"}}],"inLanguage":"en-US"},{"@type":"Organization","@id":"https:\/\/eggersen-miljo.dk\/en\/#organization","name":"Eggersen Milj\u00f8 &amp; Sikkerhed ApS","url":"https:\/\/eggersen-miljo.dk\/en\/","logo":{"@type":"ImageObject","inLanguage":"en-US","@id":"https:\/\/eggersen-miljo.dk\/en\/#\/schema\/logo\/image\/","url":"https:\/\/eggersen-miljo.dk\/wp-content\/uploads\/2025\/06\/Eggersen-logo.svg","contentUrl":"https:\/\/eggersen-miljo.dk\/wp-content\/uploads\/2025\/06\/Eggersen-logo.svg","width":117,"height":33,"caption":"Eggersen Milj\u00f8 &amp; Sikkerhed ApS"},"image":{"@id":"https:\/\/eggersen-miljo.dk\/en\/#\/schema\/logo\/image\/"}}]}},"_links":{"self":[{"href":"https:\/\/eggersen-miljo.dk\/en\/wp-json\/wp\/v2\/pages\/9644","targetHints":{"allow":["GET"]}}],"collection":[{"href":"https:\/\/eggersen-miljo.dk\/en\/wp-json\/wp\/v2\/pages"}],"about":[{"href":"https:\/\/eggersen-miljo.dk\/en\/wp-json\/wp\/v2\/types\/page"}],"author":[{"embeddable":true,"href":"https:\/\/eggersen-miljo.dk\/en\/wp-json\/wp\/v2\/users\/5"}],"replies":[{"embeddable":true,"href":"https:\/\/eggersen-miljo.dk\/en\/wp-json\/wp\/v2\/comments?post=9644"}],"version-history":[{"count":1,"href":"https:\/\/eggersen-miljo.dk\/en\/wp-json\/wp\/v2\/pages\/9644\/revisions"}],"predecessor-version":[{"id":9646,"href":"https:\/\/eggersen-miljo.dk\/en\/wp-json\/wp\/v2\/pages\/9644\/revisions\/9646"}],"wp:attachment":[{"href":"https:\/\/eggersen-miljo.dk\/en\/wp-json\/wp\/v2\/media?parent=9644"}],"wp:term":[{"taxonomy":"category","embeddable":true,"href":"https:\/\/eggersen-miljo.dk\/en\/wp-json\/wp\/v2\/categories?post=9644"}],"curies":[{"name":"wp","href":"https:\/\/api.w.org\/{rel}","templated":true}]}}